{"id":102,"date":"2024-06-24T14:36:53","date_gmt":"2024-06-24T12:36:53","guid":{"rendered":"http:\/\/www.commeo.info\/?page_id=102"},"modified":"2026-04-13T13:13:38","modified_gmt":"2026-04-13T13:13:38","slug":"spielregeln","status":"publish","type":"page","link":"https:\/\/www.tennishobbyliga.at\/index.php\/spielregeln\/","title":{"rendered":"Spielregeln"},"content":{"rendered":"\n<p>Diese Spielregeln haben ab sofort f\u00fcr die Saison 2026 G\u00fcltigkeit.<\/p>\n\n\n\n<div data-wp-interactive=\"core\/file\" class=\"wp-block-file\"><object data-wp-bind--hidden=\"!state.hasPdfPreview\" hidden class=\"wp-block-file__embed\" data=\"https:\/\/www.tennishobbyliga.at\/wp-content\/uploads\/2026\/04\/SENIORENCUP-2026_Spielregeln.pdf\" type=\"application\/pdf\" style=\"width:100%;height:600px\" aria-label=\"Einbettung von 2026 Spielregeln.\"><\/object><a id=\"wp-block-file--media-8679342d-6e5d-49f7-af0d-90a0fe26d2ef\" href=\"https:\/\/www.tennishobbyliga.at\/wp-content\/uploads\/2026\/04\/SENIORENCUP-2026_Spielregeln.pdf\">2026 Spielregeln<\/a><a href=\"https:\/\/www.tennishobbyliga.at\/wp-content\/uploads\/2026\/04\/SENIORENCUP-2026_Spielregeln.pdf\" class=\"wp-block-file__button wp-element-button\" download aria-describedby=\"wp-block-file--media-8679342d-6e5d-49f7-af0d-90a0fe26d2ef\">Herunterladen<\/a><\/div>\n\n\n\n<div style=\"height:100px\" aria-hidden=\"true\" class=\"wp-block-spacer\"><\/div>\n\n\n\n<p><\/p>\n\n\n\n<ol class=\"wp-block-list\">\n<li><strong>SPIELBESTIMMUNGEN<\/strong><br>Seniorencup 55+ es wird JEDER gegen JEDEN gespielt.<\/li>\n<\/ol>\n\n\n\n<p>Auslosung 2025\/2026<br>Spiele 2026 werden spiegelverkehrt zu Saison 2025 ausgetragen!<br>Seniorencup 55+ mit 7 Mannschaften (TC Amateure, TC Hochschwab haben sich abgemeldet)<\/p>\n\n\n\n<p>5 Runden werden in der &#8211; KW 20, 21, 22, 23, 24, KW 25 Ersatztermin<br>2 Runden werden in der &#8211; KW 34, 35 gespielt. KW 36 Abschlu\u00dffeier<br>F\u00fcr die Punktevergabe gelten folgende Regeln:<br>Ergebnis \/ Sieg 3:0 3 Punkte<br>Ergebnis \/ Sieg 2:1 2 Punkte Sieger und 1 Punkt Verlierer<br>Bei 2:1 Sieg wird ein halber Zusatzpunkt f\u00fcr den Gesamtsieg vergeben,<br>dieser wird beim 1. gewonnen Doppel dazugez\u00e4hlt.<br>Bei einem w.o.-Ergebnis gibt es die Wertung: 1 Punkt und 6:0 6:0 f\u00fcr das zum Spiel antretende Doppel.<br>Bei einem ret.-Ergebnis wird der Spielstand zum Aufgabezeitpunkt um die f\u00fcr den Gewinn des Matches erforderlichen<br>Games erg\u00e4nzt.<br>Beispiel: Aufgabe durch Doppel A bei 6:4 1:3: Ergebniseingabe 6:4 1:3 und w.o. anhaken<br>bei Doppel A- Wertung: 6:4 1:6 0:6<br>Die Mannschaft mit der h\u00f6chsten Punkteanzahl ist der Meister des SENIORENCUP 55+ 2025<\/p>\n\n\n\n<p>Bei Punktegleichheit zweier oder mehrerer Mannschaften gelten f\u00fcr die Platzierungen folgende<br>Kriterien:<br>a) Matchdifferenz aus allen Begegnungen (Zusammenz\u00e4hlen der Matchergebnisse)<br>b) Satzdifferenz aus allen Begegnungen (gewonnene S\u00e4tze \u2013 verlorene S\u00e4tze)<br>c) Gamedifferenz (gewonnene Games \u2013 verlorene Games)<br>d) Direkte Begegnung<br>Eine Mannschaft, die wegen Nichtantretens ein w.o. verschuldet hat, wird bei Punktegleichheit an<br>die schlechtere Stelle gereiht.<\/p>\n\n\n\n<ol start=\"2\" class=\"wp-block-list\">\n<li><strong>AUSTRAGUNGSMODUS<\/strong><br>Gespielt werden 3 Doppel, die im Normalfall auf 2 Pl\u00e4tzen ausgetragen werden. Stehen bei Vereinen 3 Pl\u00e4tze zur Verf\u00fcgung, m\u00fcssen alle 3 Doppel zur gleichen Zeit gespielt werden.<br>Neue meisterschaftstaugliche B\u00e4lle &#8211; 3 Do\/je 3 B\u00e4lle &#8211; werden von der Heimmannschaft gestellt.<\/li>\n\n\n\n<li><strong>SPIELBERECHTIGUNG<\/strong><br>Es d\u00fcrfen ausnahmslos nur Vereinsmitglieder mit Vollmitgliedschaft in der Spielerliste genannt werden, die im laufenden Spieljahr das 55. Lebensjahr vollenden und \u00e4lter. J\u00fcngere Spieler d\u00fcrfen nicht teilnehmen.<br>Frist f\u00fcr Nachnennung: sp\u00e4testens eine Woche vor der 1. Runde \u201ekeine Ausnahme mehr m\u00f6glich\u201c<\/li>\n\n\n\n<li><strong>SPIELZUSAMMENSETZUNGEN<\/strong><br>Die Zusammensetzung der Doppel \/ Spielerpaarung wird vor Spielbeginn durch Los ermittelt. Erst gezogenes Spielerpaar-HEIM spielt gegen erst gezogenes GAST-Spielerpaar, in der gezogenen Reihenfolge ergeben sich die Spielerzusammensetzungen f\u00fcr das 2. \/ 3. Doppel.<br>Sollte ein Team keine vollst\u00e4ndige Mannschaft (6 Mann) stellen k\u00f6nnen, kann 1 Spieler zwei Mal spielen. Dieser Spieler wird durch das Los bestimmt. Diese Vorgangsweise ist aber nur maximal 2 x in der Spielsaison m\u00f6glich.<\/li>\n\n\n\n<li><strong>SPIELTERMIN<\/strong><br>Grunds\u00e4tzlich ist Mittwoch \/ Spielbeginn 15 Uhr der offizielle Spieltermin.<br>In beiderseitigem Einvernehmen der Mannschaftsf\u00fchrer kann die Spielrunde auch an einem anderen Wochentag durchgef\u00fchrt werden. Eine \u00c4nderung Spielbeginn &#8211; statt 15 Uhr auf eine andere Zeit ist ebenfalls einvernehmlich m\u00f6glich. Einvernehmlich ge\u00e4nderte Termine werden in den Spielterminlisten besonders vermerkt.<\/li>\n\n\n\n<li><strong>TERMINVERSCHIEBUNGEN \/ ABSAGEN<\/strong><br>Muss eine Begegnung wegen Schlechtwetter voraussehbar und vorzeitig abgesagt werden, so liegt es an den beiden betroffenen Mannschaften, einen Ersatztermin zeitnah zu vereinbaren.<\/li>\n\n\n\n<li><strong>ABBRUCH der DOPPELSPIELE wegen Regen<\/strong>\n<ul class=\"wp-block-list\">\n<li>wurde mit den Spielen noch nicht begonnen<br>einvernehmlich neuen Termin festzulegen &#8211; neue Auslosung<\/li>\n\n\n\n<li>Fertig gespielte Doppel z\u00e4hlen f\u00fcr die Wertung<\/li>\n\n\n\n<li>NICHT beendetes Doppel<br>ist nach M\u00f6glichkeit in erster Linie mit gleicher Besetzung fertig zu spielen geht dies nicht, kann neu ausgelost werden<br>es k\u00f6nnen Spieler von fertig gespieltem Doppel nicht mehr ausgelost werden.<\/li>\n<\/ul>\n<\/li>\n\n\n\n<li><strong>SPIELBERICHTE<\/strong><br>Die Spielberichte sind gut leserlich auszuf\u00fcllen und nach durchgef\u00fchrtem Spiel per \u201eWhatsApp\u201c an 0664 240 3208 zu senden.<\/li>\n\n\n\n<li><strong>HOMEPAGE<\/strong><br>Historisches, Mannschaften, Spielberichte, Spielerliste, Spielregeln, Tabelle und Detailergebnisse, Kontakt.<\/li>\n\n\n\n<li><strong>GESELLSCHAFTLICHES<\/strong><br>Sportlich faire Spiele sowie ein freundschaftliches Miteinander ist ein wichtiger Bestandteil unserer Spielregeln. Die Heimmannschaft stellt eine kleine Jause und 1 Getr\u00e4nke pro Spieler zur Verf\u00fcgung.<\/li>\n<\/ol>\n\n\n\n<p>Abschlussfeier mit Siegerehrung aus der Anlage TC Redfeld &#8211; Samstag, 05.09.2026\u2026\u2026\u2026\u2026\u2026.<br>Bei Schlechtwetter wird versucht ein Turnier in der Tennishalle Kapfenberg durchzuf\u00fchren.<br>Anzusprechen ist zeitgerecht Hr. Michael Goldbrunner &#8211; Tel.0660\/73 04 88<\/p>\n\n\n\n<p>Stand: Apri 2026<br>Gottfried Schadl<\/p>\n","protected":false},"excerpt":{"rendered":"<p>Diese Spielregeln haben ab sofort f\u00fcr die Saison 2026 G\u00fcltigkeit. Auslosung 2025\/2026Spiele 2026 werden spiegelverkehrt zu Saison 2025 ausgetragen!Seniorencup 55+ mit 7 Mannschaften (TC Amateure, TC Hochschwab haben sich abgemeldet) 5 Runden werden in der &#8211; KW 20, 21, 22, 23, 24, KW 25 Ersatztermin2 Runden werden in der &#8211; KW 34, 35 gespielt. KW [&hellip;]<\/p>\n","protected":false},"author":2,"featured_media":0,"parent":0,"menu_order":0,"comment_status":"closed","ping_status":"closed","template":"","meta":{"footnotes":""},"class_list":["post-102","page","type-page","status-publish","hentry"],"_links":{"self":[{"href":"https:\/\/www.tennishobbyliga.at\/index.php\/wp-json\/wp\/v2\/pages\/102","targetHints":{"allow":["GET"]}}],"collection":[{"href":"https:\/\/www.tennishobbyliga.at\/index.php\/wp-json\/wp\/v2\/pages"}],"about":[{"href":"https:\/\/www.tennishobbyliga.at\/index.php\/wp-json\/wp\/v2\/types\/page"}],"author":[{"embeddable":true,"href":"https:\/\/www.tennishobbyliga.at\/index.php\/wp-json\/wp\/v2\/users\/2"}],"replies":[{"embeddable":true,"href":"https:\/\/www.tennishobbyliga.at\/index.php\/wp-json\/wp\/v2\/comments?post=102"}],"version-history":[{"count":5,"href":"https:\/\/www.tennishobbyliga.at\/index.php\/wp-json\/wp\/v2\/pages\/102\/revisions"}],"predecessor-version":[{"id":623,"href":"https:\/\/www.tennishobbyliga.at\/index.php\/wp-json\/wp\/v2\/pages\/102\/revisions\/623"}],"wp:attachment":[{"href":"https:\/\/www.tennishobbyliga.at\/index.php\/wp-json\/wp\/v2\/media?parent=102"}],"curies":[{"name":"wp","href":"https:\/\/api.w.org\/{rel}","templated":true}]}}