{"id":59,"date":"2024-06-20T15:22:09","date_gmt":"2024-06-20T13:22:09","guid":{"rendered":"http:\/\/www.commeo.info\/?page_id=59"},"modified":"2026-04-13T12:34:16","modified_gmt":"2026-04-13T12:34:16","slug":"startseite","status":"publish","type":"page","link":"https:\/\/www.tennishobbyliga.at\/","title":{"rendered":"Seniorencup 55+"},"content":{"rendered":"\n<p><\/p>\n\n\n\n<p class=\"has-text-align-center has-system-serif-font-family has-large-font-size\"><strong><em>Bleib froh und schlag Dich wacker<\/em><\/strong><\/p>\n\n\n\n<p class=\"has-text-align-center has-system-serif-font-family has-large-font-size\"><strong><em>im Kreis der &#8222;Alten Knacker&#8220;<\/em><\/strong><\/p>\n\n\n\n<div style=\"height:100px\" aria-hidden=\"true\" class=\"wp-block-spacer\"><\/div>\n\n\n\n<h2 class=\"wp-block-heading has-text-align-center has-xx-large-font-size\">2026 &#8211; Jubil\u00e4um<\/h2>\n\n\n\n<p class=\"has-text-align-center has-large-font-size\"><strong>25 Jahre SENIORENCUP<\/strong><\/p>\n\n\n\n<div style=\"height:100px\" aria-hidden=\"true\" class=\"wp-block-spacer\"><\/div>\n\n\n\n<p><strong>2025<\/strong><\/p>\n\n\n\n<div class=\"wp-block-file\"><a id=\"wp-block-file--media-f52565f3-d991-4460-9180-4046fe97bcbb\" href=\"https:\/\/www.tennishobbyliga.at\/wp-content\/uploads\/2025\/09\/SENCUP-2025_Tabelle_03092025.pdf\">Tabellenstand 2025<\/a><\/div>\n\n\n\n<div class=\"wp-block-file\"><a id=\"wp-block-file--media-206f7150-142d-4d17-92c5-a0e42a9c42ea\" href=\"https:\/\/www.tennishobbyliga.at\/wp-content\/uploads\/2025\/09\/SENCUP-2025_9.rd_.pdf\">Ergebnisse 2025<\/a><\/div>\n\n\n\n<p class=\"has-small-font-size\"><a href=\"https:\/\/www.tennishobbyliga.at\/index.php\/fotos-siegerehrung-2025\/\" data-type=\"page\" data-id=\"616\">Fotoalbum &#8211; Siegerehrung 2025<\/a><\/p>\n\n\n\n<div style=\"height:20px\" aria-hidden=\"true\" class=\"wp-block-spacer\"><\/div>\n\n\n\n<p class=\"has-medium-font-size\"><strong>2024<\/strong><\/p>\n\n\n\n<div class=\"wp-block-file\"><a id=\"wp-block-file--media-8506d754-9d5b-4d56-9154-8a522ab69b9f\" href=\"https:\/\/www.tennishobbyliga.at\/wp-content\/uploads\/2024\/09\/SENCUP-2024_Tabelle_04092024.pdf\">Tabellenstand 2024<\/a><\/div>\n\n\n\n<div class=\"wp-block-file\"><a id=\"wp-block-file--media-ff93e665-6eb2-4bba-a43a-db4d93487d10\" href=\"https:\/\/www.tennishobbyliga.at\/wp-content\/uploads\/2024\/09\/SENCUP-2024_Ergebnisse-2024.pdf\">Ergebnisse 2024<\/a><\/div>\n\n\n\n<div class=\"wp-block-file\"><a id=\"wp-block-file--media-9013cde0-bbe3-42f5-bac4-33d9dbece434\" href=\"https:\/\/www.tennishobbyliga.at\/wp-content\/uploads\/2024\/09\/SENCUP-2024_Tiebreak-ORIGINAL-Endtabelle.pdf\">Tabellenstand Tie-Break 2024<\/a><\/div>\n\n\n\n<div class=\"wp-block-file\"><a id=\"wp-block-file--media-cf23dd10-a430-42a6-a6ff-8d41019b1c22\" href=\"https:\/\/www.tennishobbyliga.at\/wp-content\/uploads\/2024\/09\/SENCUP-2024_Tiebreak-ORIGINAL_Ergebnisse.pdf\">Ergebnisse Tie-Break 2024<\/a><\/div>\n\n\n\n<p class=\"has-small-font-size\"><a href=\"https:\/\/www.tennishobbyliga.at\/index.php\/https:\/\/www.tennishobbyliga.at\/index.php\/fotos-siegerehrung-2024\/\" data-type=\"page\" data-id=\"222\">Fotoalbum &#8211; Siegerehrung 2024<\/a><\/p>\n\n\n\n<div style=\"height:20px\" aria-hidden=\"true\" class=\"wp-block-spacer\"><\/div>\n\n\n\n<p class=\"has-medium-font-size\"><strong>2023<\/strong><\/p>\n\n\n\n<div class=\"wp-block-file\"><a id=\"wp-block-file--media-7afd374b-a58f-4f94-a4b5-81af52370150\" href=\"https:\/\/www.tennishobbyliga.at\/wp-content\/uploads\/2024\/06\/Tabellenstand_2023.pdf\">Tabellenstand_2023<\/a><\/div>\n\n\n\n<div class=\"wp-block-file\"><a id=\"wp-block-file--media-f081488d-e044-4df9-a46e-1728886c4bbf\" href=\"https:\/\/www.tennishobbyliga.at\/wp-content\/uploads\/2024\/06\/Ergebnisse_2023.pdf\">Ergebnisse_2023<\/a><\/div>\n\n\n\n<p class=\"has-small-font-size\"><a href=\"https:\/\/www.tennishobbyliga.at\/index.php\/fotos-siegerehrung-2023\/\" data-type=\"page\" data-id=\"222\">Fotoalbum &#8211; Siegerehrung 2023<\/a><\/p>\n\n\n\n<div style=\"height:20px\" aria-hidden=\"true\" class=\"wp-block-spacer\"><\/div>\n\n\n\n<p class=\"has-medium-font-size\"><strong>2022<\/strong><\/p>\n\n\n\n<div class=\"wp-block-file\"><a id=\"wp-block-file--media-99b5f963-fbd1-42f5-a765-87abd4a82b3e\" href=\"https:\/\/www.tennishobbyliga.at\/wp-content\/uploads\/2024\/06\/Tabellenstand_2022.pdf\">Tabellenstand_2022<\/a><\/div>\n\n\n\n<div class=\"wp-block-file\"><a id=\"wp-block-file--media-b9bdfcbf-cfd7-4ea2-afc0-d15810083d1b\" href=\"https:\/\/www.tennishobbyliga.at\/wp-content\/uploads\/2024\/06\/Ergebnisliste_2022.pdf\">Ergebnisliste_2022<\/a><\/div>\n\n\n\n<div style=\"height:20px\" aria-hidden=\"true\" class=\"wp-block-spacer\"><\/div>\n\n\n\n<p><strong>2021<\/strong><\/p>\n\n\n\n<p>Jubil\u00e4um 20 Jahre &#8222;Alte Knacker&#8220;<\/p>\n\n\n\n<div style=\"height:20px\" aria-hidden=\"true\" class=\"wp-block-spacer\"><\/div>\n\n\n\n<div class=\"wp-block-file\"><a id=\"wp-block-file--media-f3b83312-8322-4929-98be-bb6f9fbf3e14\" href=\"https:\/\/www.tennishobbyliga.at\/wp-content\/uploads\/2024\/06\/Tabellenstand_2021.pdf\">Tabellenstand_2021<\/a><\/div>\n\n\n\n<div class=\"wp-block-file\"><a id=\"wp-block-file--media-384e5960-97ff-4a61-8791-93aeb0dbd2d3\" href=\"https:\/\/www.tennishobbyliga.at\/wp-content\/uploads\/2024\/06\/Ergebnisliste_2021.pdf\">Ergebnisliste_2021<\/a><\/div>\n\n\n\n<div style=\"height:20px\" aria-hidden=\"true\" class=\"wp-block-spacer\"><\/div>\n\n\n\n<p><strong>2020<\/strong><\/p>\n\n\n\n<p>COVID-19 bedingt sp\u00e4terer Start &#8211; wieder mit 9 Mannschaften<\/p>\n\n\n\n<div style=\"height:20px\" aria-hidden=\"true\" class=\"wp-block-spacer\"><\/div>\n\n\n\n<div class=\"wp-block-file\"><a id=\"wp-block-file--media-a22e3e7e-b09a-4896-af3a-5ea0066e61a3\" href=\"https:\/\/www.tennishobbyliga.at\/wp-content\/uploads\/2024\/06\/Tabellenstand_2020.pdf\">Tabellenstand_2020<\/a><\/div>\n\n\n\n<div class=\"wp-block-file\"><a id=\"wp-block-file--media-57cb2ad7-92a9-471a-aa1b-9c3ba5c81290\" href=\"https:\/\/www.tennishobbyliga.at\/wp-content\/uploads\/2024\/06\/Ergebnisliste_2020.pdf\">Ergebnisliste_2020<\/a><\/div>\n\n\n\n<div style=\"height:20px\" aria-hidden=\"true\" class=\"wp-block-spacer\"><\/div>\n\n\n\n<p><strong>2019<\/strong><\/p>\n\n\n\n<p>Seniorencup wird wieder mit 9 Mannschaften ausgetragen<\/p>\n\n\n\n<p>NEU: Teilnahme TC Oberaich &#8211; Herzlich Willkommen!<\/p>\n\n\n\n<p>Neu: \u00c4nderung Punktebewertung: Es wird bei einem 2 : 1 Sieg zus\u00e4tzlich f\u00fcr den Gesamtsieg ein halber Punkt vergeben<\/p>\n\n\n\n<div style=\"height:20px\" aria-hidden=\"true\" class=\"wp-block-spacer\"><\/div>\n\n\n\n<div class=\"wp-block-file\"><a id=\"wp-block-file--media-8c52c579-cedb-470d-b0c2-cd146037040b\" href=\"https:\/\/www.tennishobbyliga.at\/wp-content\/uploads\/2024\/06\/Tabellenstand_2019.pdf\">Tabellenstand_2019<\/a><\/div>\n\n\n\n<div class=\"wp-block-file\"><a id=\"wp-block-file--media-b98fbef4-af3e-461f-b622-84914e1e3529\" href=\"https:\/\/www.tennishobbyliga.at\/wp-content\/uploads\/2024\/06\/Ergebnisliste_2019.pdf\">Ergebnisliste_2019<\/a><\/div>\n\n\n\n<div style=\"height:20px\" aria-hidden=\"true\" class=\"wp-block-spacer\"><\/div>\n\n\n\n<p><strong>2018<\/strong><\/p>\n\n\n\n<p>R\u00fcckrunde wird mit nur 8 Mannschaften ausgetragen<\/p>\n\n\n\n<p>\u00c4nderung: KSV hat sich entschlossen, nurmehr mit einer Mannschaft teilzunehmen<\/p>\n\n\n\n<div style=\"height:20px\" aria-hidden=\"true\" class=\"wp-block-spacer\"><\/div>\n\n\n\n<div class=\"wp-block-file\"><a id=\"wp-block-file--media-4595a55d-8f91-4e11-a6a1-d76be55cd5e9\" href=\"https:\/\/www.tennishobbyliga.at\/wp-content\/uploads\/2024\/06\/Tabellenstand_2018.pdf\">Tabellenstand_2018<\/a><\/div>\n\n\n\n<div class=\"wp-block-file\"><a id=\"wp-block-file--media-648216fd-440c-47d7-b736-dd58547e1024\" href=\"https:\/\/www.tennishobbyliga.at\/wp-content\/uploads\/2024\/06\/Ergebnisliste_2018.pdf\">Ergebnisliste_2018<\/a><\/div>\n\n\n\n<div style=\"height:20px\" aria-hidden=\"true\" class=\"wp-block-spacer\"><\/div>\n\n\n\n<p><strong>2017<\/strong><\/p>\n\n\n\n<div class=\"wp-block-file\"><a id=\"wp-block-file--media-513acf18-5fb8-4c39-89e8-42cbca6a171e\" href=\"https:\/\/www.tennishobbyliga.at\/wp-content\/uploads\/2024\/06\/Tabellenstand_2017.pdf\">Tabellenstand_2017<\/a><\/div>\n\n\n\n<div class=\"wp-block-file\"><a id=\"wp-block-file--media-ce4f1a99-8af0-47e1-a806-b6b91ea8bcfe\" href=\"https:\/\/www.tennishobbyliga.at\/wp-content\/uploads\/2024\/06\/Ergebnisliste_2017.pdf\">Ergebnisliste_2017<\/a><\/div>\n\n\n\n<div style=\"height:20px\" aria-hidden=\"true\" class=\"wp-block-spacer\"><\/div>\n\n\n\n<p><strong>2016<\/strong><\/p>\n\n\n\n<div class=\"wp-block-file\"><a id=\"wp-block-file--media-a62e6880-40a0-47cc-a1b7-0366e0cdcef6\" href=\"https:\/\/www.tennishobbyliga.at\/wp-content\/uploads\/2024\/06\/Tabellenstand_2016.pdf\">Tabellenstand_2016<\/a><\/div>\n\n\n\n<div class=\"wp-block-file\"><a id=\"wp-block-file--media-f48aa1b0-2278-4e4a-9d6f-dac32deb6e92\" href=\"https:\/\/www.tennishobbyliga.at\/wp-content\/uploads\/2024\/06\/Ergebnisliste_2016.pdf\">Ergebnisliste_2016<\/a><\/div>\n\n\n\n<div style=\"height:20px\" aria-hidden=\"true\" class=\"wp-block-spacer\"><\/div>\n\n\n\n<p><strong>2015<\/strong><\/p>\n\n\n\n<p>Der Seniorencup 55+ wird erstmals mit&nbsp;9 Vereinen durchgef\u00fchrt:<br>TC Hochschwab hat sich zur\u00fcckgemeldet (MF Krajnc Rudolf)<br>Neuanmeldung:<br>TC Austria (MF Posch Manfred)<br>TC Apfelmoar (MF Schabh\u00fcttl Kurt) &#8211; haben sich wieder abgemeldet!<br>\u00c4nderung Spielbestimmungen 2015:<br>Spielmodus Jeder gegen Jeden<br>Neue Ergebnisbewertung<br>Erstellung der Homepage \u201eSENIORENCUP 55+\u201c<\/p>\n\n\n\n<div style=\"height:20px\" aria-hidden=\"true\" class=\"wp-block-spacer\"><\/div>\n\n\n\n<div class=\"wp-block-file\"><a id=\"wp-block-file--media-9adb9bae-e6f7-4066-96f9-2a07bce58a66\" href=\"https:\/\/www.tennishobbyliga.at\/wp-content\/uploads\/2024\/06\/Ergebnisliste_2015.pdf\">Ergebnisliste_2015<\/a><\/div>\n\n\n\n<div style=\"height:20px\" aria-hidden=\"true\" class=\"wp-block-spacer\"><\/div>\n\n\n\n<p><strong>2014<\/strong><\/p>\n\n\n\n<p>Leider hat sich der Gr\u00fcnderverein TC Hochschwab als \u201eruhend\u201c abgemeldet<br>Erstellung der Homepage \u201eSENIORENCUP 55+\u201c<\/p>\n\n\n\n<hr class=\"wp-block-separator has-alpha-channel-opacity is-style-wide\" style=\"margin-top:var(--wp--preset--spacing--20);margin-bottom:var(--wp--preset--spacing--20)\"\/>\n\n\n\n<p><strong>Historisches:<\/strong><\/p>\n\n\n\n<p>Am&nbsp;<strong>25. J\u00e4nner 2002<\/strong>&nbsp;wurde die Senioren-Hobbyliga von Vertretern der Tennisvereine:<br><strong>TC-Hochschwab<\/strong>&nbsp;(Stampler Kurt, Fritz Alfred)<br><strong>TC-Redfeld<\/strong>&nbsp;(Grassauer Heinz)<br><strong>TC-KSV<\/strong>&nbsp;(Stellnberger Walter, Prattes Peter, Glauninger Helmut)<br><strong>TC-Aflenz<\/strong>&nbsp;(Handler Gerhard)<br>gegr\u00fcndet.<\/p>\n\n\n\n<p><strong>2006<\/strong>&nbsp;&#8211; &nbsp;wird der Tennisverein TC Amateure (MF Karl Kundigraber) neu aufgenommen<br><strong>2011<\/strong>&nbsp;&#8211; der \u201eClub der alten Knacker\u201c feiert&nbsp;<strong>10-j\u00e4hriges Jubil\u00e4um<\/strong><\/p>\n\n\n\n<div style=\"height:20px\" aria-hidden=\"true\" class=\"wp-block-spacer\"><\/div>\n\n\n\n<figure class=\"wp-block-image size-full\"><img loading=\"lazy\" decoding=\"async\" width=\"480\" height=\"640\" src=\"https:\/\/www.tennishobbyliga.at\/wp-content\/uploads\/2024\/06\/Knacker_10Jahre.jpg\" alt=\"\" class=\"wp-image-182\" srcset=\"https:\/\/www.tennishobbyliga.at\/wp-content\/uploads\/2024\/06\/Knacker_10Jahre.jpg 480w, https:\/\/www.tennishobbyliga.at\/wp-content\/uploads\/2024\/06\/Knacker_10Jahre-225x300.jpg 225w\" sizes=\"auto, (max-width: 480px) 100vw, 480px\" \/><\/figure>\n\n\n\n<div style=\"height:20px\" aria-hidden=\"true\" class=\"wp-block-spacer\"><\/div>\n\n\n\n<p><strong>Weitere Vereine werden neu aufgenommen:<br>2012<\/strong>&nbsp;&#8211; Tennisverein PC-ATL Kapfenberg (MF Gottfried Schadl)<br><strong>2013<\/strong>&nbsp;&#8211; Tennisverein TC Th\u00f6rl (MF G\u00fcnter Fluch)<\/p>\n","protected":false},"excerpt":{"rendered":"<p>Bleib froh und schlag Dich wacker im Kreis der &#8222;Alten Knacker&#8220; 2026 &#8211; Jubil\u00e4um 25 Jahre SENIORENCUP 2025 Fotoalbum &#8211; Siegerehrung 2025 2024 Fotoalbum &#8211; Siegerehrung 2024 2023 Fotoalbum &#8211; Siegerehrung 2023 2022 2021 Jubil\u00e4um 20 Jahre &#8222;Alte Knacker&#8220; 2020 COVID-19 bedingt sp\u00e4terer Start &#8211; wieder mit 9 Mannschaften 2019 Seniorencup wird wieder mit 9 [&hellip;]<\/p>\n","protected":false},"author":2,"featured_media":0,"parent":0,"menu_order":0,"comment_status":"closed","ping_status":"closed","template":"","meta":{"footnotes":""},"class_list":["post-59","page","type-page","status-publish","hentry"],"_links":{"self":[{"href":"https:\/\/www.tennishobbyliga.at\/index.php\/wp-json\/wp\/v2\/pages\/59","targetHints":{"allow":["GET"]}}],"collection":[{"href":"https:\/\/www.tennishobbyliga.at\/index.php\/wp-json\/wp\/v2\/pages"}],"about":[{"href":"https:\/\/www.tennishobbyliga.at\/index.php\/wp-json\/wp\/v2\/types\/page"}],"author":[{"embeddable":true,"href":"https:\/\/www.tennishobbyliga.at\/index.php\/wp-json\/wp\/v2\/users\/2"}],"replies":[{"embeddable":true,"href":"https:\/\/www.tennishobbyliga.at\/index.php\/wp-json\/wp\/v2\/comments?post=59"}],"version-history":[{"count":16,"href":"https:\/\/www.tennishobbyliga.at\/index.php\/wp-json\/wp\/v2\/pages\/59\/revisions"}],"predecessor-version":[{"id":620,"href":"https:\/\/www.tennishobbyliga.at\/index.php\/wp-json\/wp\/v2\/pages\/59\/revisions\/620"}],"wp:attachment":[{"href":"https:\/\/www.tennishobbyliga.at\/index.php\/wp-json\/wp\/v2\/media?parent=59"}],"curies":[{"name":"wp","href":"https:\/\/api.w.org\/{rel}","templated":true}]}}